{"id":29,"date":"2017-02-21T21:09:41","date_gmt":"2017-02-21T21:09:41","guid":{"rendered":"http:\/\/themes.uxbarn.com\/wp\/alvar-dummy\/?page_id=29"},"modified":"2025-06-18T11:28:14","modified_gmt":"2025-06-18T09:28:14","slug":"about-alfred-alvar","status":"publish","type":"page","link":"https:\/\/johannes-amm.de\/?page_id=29","title":{"rendered":"\u00dcber Johannes Amm"},"content":{"rendered":"<p>Er arbeitet f\u00fcr nationale und internationale Kunden in den Bereichen Lifestyle, Image und Werbung. Neben mitrei\u00dfenden Portr\u00e4ts liegen seine St\u00e4rken au\u00dferdem in der Reportage\/Dokumentation sowie der Begleitung von Events. 2015 belegte er den dritten Platz bei den International FineArt Photography Awards in der Kategorie \u201ePeople\u201c.<\/p>\n<p><strong>Kunden<\/strong><br \/>\nAllianz<br \/>\nHaema<br \/>\nKommunaler Eigenbetrieb Leipzig<br \/>\nTravel24\/Unister<br \/>\nEdeka<br \/>\nLilly Deutschland<br \/>\nLandwirtschaftsministerium Sachsen<br \/>\nMedica Care Saudi Arabia<br \/>\nebrosia<br \/>\nMitteldeutscher Rundfunk<br \/>\ninstitutSPORTIV<br \/>\nPlasmaVita<br \/>\nDeutsches Biomasseforschungszentrum<br \/>\nMDR Sinfonieorchester<br \/>\nX Verleih AG<\/p>\n","protected":false},"excerpt":{"rendered":"<p>Er arbeitet f\u00fcr nationale und internationale Kunden in den Bereichen Lifestyle, Image und Werbung. Neben mitrei\u00dfenden Portr\u00e4ts liegen seine St\u00e4rken au\u00dferdem in der Reportage\/Dokumentation sowie der Begleitung von Events. 2015 belegte er den dritten Platz bei den International FineArt Photography Awards in der Kategorie \u201ePeople\u201c. Kunden Allianz Haema Kommunaler Eigenbetrieb Leipzig Travel24\/Unister Edeka Lilly Deutschland Landwirtschaftsministerium Sachsen Medica Care Saudi Arabia ebrosia Mitteldeutscher Rundfunk institutSPORTIV PlasmaVita Deutsches Biomasseforschungszentrum MDR Sinfonieorchester X Verleih AG<\/p>\n","protected":false},"author":2,"featured_media":264,"parent":0,"menu_order":0,"comment_status":"closed","ping_status":"closed","template":"","meta":{"footnotes":""},"class_list":["post-29","page","type-page","status-publish","has-post-thumbnail","hentry"],"_links":{"self":[{"href":"https:\/\/johannes-amm.de\/index.php?rest_route=\/wp\/v2\/pages\/29","targetHints":{"allow":["GET"]}}],"collection":[{"href":"https:\/\/johannes-amm.de\/index.php?rest_route=\/wp\/v2\/pages"}],"about":[{"href":"https:\/\/johannes-amm.de\/index.php?rest_route=\/wp\/v2\/types\/page"}],"author":[{"embeddable":true,"href":"https:\/\/johannes-amm.de\/index.php?rest_route=\/wp\/v2\/users\/2"}],"replies":[{"embeddable":true,"href":"https:\/\/johannes-amm.de\/index.php?rest_route=%2Fwp%2Fv2%2Fcomments&post=29"}],"version-history":[{"count":8,"href":"https:\/\/johannes-amm.de\/index.php?rest_route=\/wp\/v2\/pages\/29\/revisions"}],"predecessor-version":[{"id":289,"href":"https:\/\/johannes-amm.de\/index.php?rest_route=\/wp\/v2\/pages\/29\/revisions\/289"}],"wp:featuredmedia":[{"embeddable":true,"href":"https:\/\/johannes-amm.de\/index.php?rest_route=\/wp\/v2\/media\/264"}],"wp:attachment":[{"href":"https:\/\/johannes-amm.de\/index.php?rest_route=%2Fwp%2Fv2%2Fmedia&parent=29"}],"curies":[{"name":"wp","href":"https:\/\/api.w.org\/{rel}","templated":true}]}}